{"id":184,"date":"2020-06-12T08:06:58","date_gmt":"2020-06-12T12:06:58","guid":{"rendered":"https:\/\/michelbeaudoin.ca\/?page_id=184"},"modified":"2024-02-21T09:09:18","modified_gmt":"2024-02-21T14:09:18","slug":"home","status":"publish","type":"page","link":"https:\/\/michelbeaudoin.ca\/en\/","title":{"rendered":"Home"},"content":{"rendered":"\n\n\t<p>EXPERIENCE<\/p>\n\t<p>What we could blame him is not having know him before !<\/p>\n\t\t\t<a href=\"https:\/\/michelbeaudoin.ca\/en\/evaluation\/\" target=\"_self\" rel=\"noopener\">\n\t\t\t\t\t\t\tEVALUATION OF YOUR BUSINESS\n\t\t\t\t\t<\/a>\n\t<a href=\"https:\/\/michelbeaudoin.ca\/en\/business-staging-who-needs-it\/\" target=\"_self\" aria-label=\"Go to https:\/\/michelbeaudoin.ca\/en\/business-staging-who-needs-it\/\" rel=\"noopener\"><\/a>\n\t\t\t\t<img decoding=\"async\" src=\"https:\/\/michelbeaudoin.ca\/wp-content\/uploads\/icon-achat-financement-jaune-1.png\" alt=\"icon-achat-financement-jaune\" title=\"icon-achat-financement-jaune\" itemprop=\"image\"\/>\n\t\t<h2>BUSINESS STAGING : WHO NEEDS IT ?<\/h2>\t\t\t\n\t<a href=\"https:\/\/michelbeaudoin.ca\/en\/buying-and-selling-business\/\" target=\"_self\" aria-label=\"Go to https:\/\/michelbeaudoin.ca\/en\/buying-and-selling-business\/\" rel=\"noopener\"><\/a>\n\t\t\t\t<img decoding=\"async\" src=\"https:\/\/michelbeaudoin.ca\/wp-content\/uploads\/icon-achat-financement-jaune.png\" alt=\"icon-achat-financement-jaune\" title=\"icon-achat-financement-jaune\" itemprop=\"image\"\/>\n\t\t<h2>BUYING AND SELLING BUSINESSES<\/h2>\t\t\t\n\t<a href=\"https:\/\/michelbeaudoin.ca\/en\/business-plan-and-financing\/\" target=\"_self\" aria-label=\"Go to https:\/\/michelbeaudoin.ca\/en\/business-plan-and-financing\/\" rel=\"noopener\"><\/a>\n\t\t\t\t<img decoding=\"async\" src=\"https:\/\/michelbeaudoin.ca\/wp-content\/uploads\/icon-plan-financement-jaune.png\" alt=\"icon-plan-financement-jaune\" title=\"icon-plan-financement-jaune\" itemprop=\"image\"\/>\n\t\t<h2>BUSINESS PLAN AND FINANCING<\/h2>\t\t\t\n\t<a href=\"https:\/\/michelbeaudoin.ca\/en\/rapid-increase-in-sales\/\" target=\"_self\" aria-label=\"Go to https:\/\/michelbeaudoin.ca\/en\/rapid-increase-in-sales\/\" rel=\"noopener\"><\/a>\n\t\t\t\t<img decoding=\"async\" src=\"https:\/\/michelbeaudoin.ca\/wp-content\/uploads\/icon-strategie-jaune.png\" alt=\"icon-strategie-jaune\" title=\"icon-strategie-jaune\" itemprop=\"image\"\/>\n\t\t<h2>FAST INCREASE IN SALES<\/h2>\t\t\t\n\t<a href=\"https:\/\/michelbeaudoin.ca\/en\/reducing-costs\/\" target=\"_self\" aria-label=\"Go to https:\/\/michelbeaudoin.ca\/en\/reducing-costs\/\" rel=\"noopener\"><\/a>\n\t\t\t\t<img decoding=\"async\" src=\"https:\/\/michelbeaudoin.ca\/wp-content\/uploads\/icon-developpement-jaune.png\" alt=\"icon-developpement-jaune\" title=\"icon-developpement-jaune\" itemprop=\"image\"\/>\n\t\t<h2>REDUCING COSTS<\/h2>\t\t\t\n\t\t\t\t<img loading=\"lazy\" decoding=\"async\" src=\"https:\/\/michelbeaudoin.ca\/wp-content\/uploads\/photo-michelbeaudoin.jpg\" alt=\"photo-michelbeaudoin\" itemprop=\"image\" height=\"612\" width=\"474\" title=\"photo-michelbeaudoin\" onerror=\"this.style.display='none'\"  \/>\n<h1>\n\t\tMichel Beaudoin\n\t<\/h1>\n\n\t\tOVER\n\t\t35 YEARS\n\t\t\t\t\t\n\t<p>EXPERIENCE<\/p>\n\t<p>THE CUSTOMERS ALL SAY: WHAT WE CAN BLAME HIM FOR IS NOT HAVING KNOW HIM BEFORE!<\/p>\n<p>BUSINESS DEVELOPMENT SPECIALIST: GROWTH, FINANCIAL SECURITY AND PEACE OF MIND.<\/p>\n<p>YOU LOSE DOLLARS EVERY DAY NOT MEETING HIM!<\/p>\n<p>PROVINCIAL AND FEDERAL LOBBYIST.<\/p>\n\t\t\t<a href=\"https:\/\/michelbeaudoin.ca\/en\/achievements\/\" target=\"_self\" rel=\"noopener\">\n\t\t\t\t\t\t\tFIND OUT MORE\n\t\t\t\t\t<\/a>\n\t<p>CUSTOMER TESTIMONIALS<\/p>\n\t\t\t<p>&#8220;With your help, our group of companies has grown to the point where the industry in general sees us as a model of efficiency&#8221;<\/p>\n<p><img loading=\"lazy\" decoding=\"async\" src=\"https:\/\/michelbeaudoin.ca\/wp-content\/uploads\/bonanza.png\" alt=\"\" width=\"144\" height=\"160\" \/><\/p>\n<p><em>Dani\u00e8le Lalumi\u00e8re, President, Les March\u00e9s Bonanza<\/em><\/p>\t\t\n\t\t\t<p>&#8220;Our group consists of more than 10 companies in the field of agri-food, retail, distributor-wholesalers, agricultural production (USA) and real estate. During these years, Michel Beaudoin has been able to work hard and be a dynamic leader of a team of more than 30 people, which has allowed us to move from small to big business.&#8221;<\/p>\n<p><img loading=\"lazy\" decoding=\"async\" src=\"https:\/\/michelbeaudoin.ca\/wp-content\/uploads\/cacciatore.png\" alt=\"\" width=\"93\" height=\"93\" \/><\/p>\n<p><em>Vincent Cacciatore, President, Cacciatore et Fils Lt\u00e9e<\/em><\/p>\t\t\n\t\t\t<p>&#8220;During university years, the results obtained attest his organizational and planning capacity, since it is very rare for a student to achieve superior results by combining both professional and full-time study activities.&#8221;<img loading=\"lazy\" decoding=\"async\" src=\"https:\/\/michelbeaudoin.ca\/wp-content\/uploads\/HEC_Montreal_blanc_carre_bleu_Web_150.jpg\" alt=\"\" width=\"82\" height=\"82\" \/><em>Maurice Perreault, Registrar, HEC<\/em><\/p>\t\t\n\n","protected":false},"excerpt":{"rendered":"<p>EXPERIENCE What we could blame him is not having know him before ! EVALUATION OF YOUR BUSINESS BUSINESS STAGING : WHO NEEDS IT ? BUYING AND SELLING BUSINESSES BUSINESS PLAN AND FINANCING FAST INCREASE IN SALES REDUCING COSTS Michel Beaudoin OVER 35 YEARS EXPERIENCE THE CUSTOMERS ALL SAY: WHAT WE CAN BLAME HIM FOR IS [&hellip;]<\/p>\n","protected":false},"author":1,"featured_media":0,"parent":0,"menu_order":0,"comment_status":"closed","ping_status":"closed","template":"","meta":{"_seopress_robots_primary_cat":"","_seopress_titles_title":"","_seopress_titles_desc":"","_seopress_robots_index":"","site-sidebar-layout":"no-sidebar","site-content-layout":"page-builder","ast-site-content-layout":"","site-content-style":"default","site-sidebar-style":"default","ast-global-header-display":"","ast-banner-title-visibility":"","ast-main-header-display":"","ast-hfb-above-header-display":"","ast-hfb-below-header-display":"","ast-hfb-mobile-header-display":"","site-post-title":"disabled","ast-breadcrumbs-content":"","ast-featured-img":"disabled","footer-sml-layout":"","theme-transparent-header-meta":"default","adv-header-id-meta":"","stick-header-meta":"default","header-above-stick-meta":"","header-main-stick-meta":"","header-below-stick-meta":"","astra-migrate-meta-layouts":"default","ast-page-background-enabled":"default","ast-page-background-meta":{"desktop":{"background-color":"","background-image":"","background-repeat":"repeat","background-position":"center center","background-size":"auto","background-attachment":"scroll","background-type":"","background-media":"","overlay-type":"","overlay-color":"","overlay-opacity":"","overlay-gradient":""},"tablet":{"background-color":"","background-image":"","background-repeat":"repeat","background-position":"center center","background-size":"auto","background-attachment":"scroll","background-type":"","background-media":"","overlay-type":"","overlay-color":"","overlay-opacity":"","overlay-gradient":""},"mobile":{"background-color":"","background-image":"","background-repeat":"repeat","background-position":"center center","background-size":"auto","background-attachment":"scroll","background-type":"","background-media":"","overlay-type":"","overlay-color":"","overlay-opacity":"","overlay-gradient":""}},"ast-content-background-meta":{"desktop":{"background-color":"var(--ast-global-color-5)","background-image":"","background-repeat":"repeat","background-position":"center center","background-size":"auto","background-attachment":"scroll","background-type":"","background-media":"","overlay-type":"","overlay-color":"","overlay-opacity":"","overlay-gradient":""},"tablet":{"background-color":"var(--ast-global-color-5)","background-image":"","background-repeat":"repeat","background-position":"center center","background-size":"auto","background-attachment":"scroll","background-type":"","background-media":"","overlay-type":"","overlay-color":"","overlay-opacity":"","overlay-gradient":""},"mobile":{"background-color":"var(--ast-global-color-5)","background-image":"","background-repeat":"repeat","background-position":"center center","background-size":"auto","background-attachment":"scroll","background-type":"","background-media":"","overlay-type":"","overlay-color":"","overlay-opacity":"","overlay-gradient":""}},"footnotes":""},"class_list":["post-184","page","type-page","status-publish","hentry"],"_links":{"self":[{"href":"https:\/\/michelbeaudoin.ca\/en\/wp-json\/wp\/v2\/pages\/184","targetHints":{"allow":["GET"]}}],"collection":[{"href":"https:\/\/michelbeaudoin.ca\/en\/wp-json\/wp\/v2\/pages"}],"about":[{"href":"https:\/\/michelbeaudoin.ca\/en\/wp-json\/wp\/v2\/types\/page"}],"author":[{"embeddable":true,"href":"https:\/\/michelbeaudoin.ca\/en\/wp-json\/wp\/v2\/users\/1"}],"replies":[{"embeddable":true,"href":"https:\/\/michelbeaudoin.ca\/en\/wp-json\/wp\/v2\/comments?post=184"}],"version-history":[{"count":0,"href":"https:\/\/michelbeaudoin.ca\/en\/wp-json\/wp\/v2\/pages\/184\/revisions"}],"wp:attachment":[{"href":"https:\/\/michelbeaudoin.ca\/en\/wp-json\/wp\/v2\/media?parent=184"}],"curies":[{"name":"wp","href":"https:\/\/api.w.org\/{rel}","templated":true}]}}